{"id":2632,"date":"2024-01-17T04:50:28","date_gmt":"2024-01-17T04:50:28","guid":{"rendered":"http:\/\/clubtalleresparana.com.ar\/inicio\/?page_id=2632"},"modified":"2024-01-17T16:42:28","modified_gmt":"2024-01-17T16:42:28","slug":"historia","status":"publish","type":"page","link":"https:\/\/clubtalleresparana.com.ar\/inicio\/historia\/","title":{"rendered":"Historia"},"content":{"rendered":"\t\t<div data-elementor-type=\"wp-page\" data-elementor-id=\"2632\" class=\"elementor elementor-2632\" data-elementor-post-type=\"page\">\n\t\t\t\t<div class=\"elementor-element elementor-element-7595719 e-con-full e-flex e-con e-parent\" data-id=\"7595719\" data-element_type=\"container\" data-e-type=\"container\" data-settings=\"{&quot;background_background&quot;:&quot;classic&quot;}\">\n\t\t\t\t<div class=\"elementor-element elementor-element-530f8c3 animated-slow elementor-invisible elementor-widget elementor-widget-heading\" data-id=\"530f8c3\" data-element_type=\"widget\" data-e-type=\"widget\" data-settings=\"{&quot;_animation&quot;:&quot;slideInUp&quot;}\" data-widget_type=\"heading.default\">\n\t\t\t\t<div class=\"elementor-widget-container\">\n\t\t\t\t\t<h2 class=\"elementor-heading-title elementor-size-default\">HISTORIA<\/h2>\t\t\t\t<\/div>\n\t\t\t\t<\/div>\n\t\t\t\t<\/div>\n\t\t<div class=\"elementor-element elementor-element-29b285be e-con-full e-flex e-con e-parent\" data-id=\"29b285be\" data-element_type=\"container\" data-e-type=\"container\" data-settings=\"{&quot;background_background&quot;:&quot;classic&quot;}\">\n\t\t<div class=\"elementor-element elementor-element-1d8f9194 e-con-full e-flex e-con e-child\" data-id=\"1d8f9194\" data-element_type=\"container\" data-e-type=\"container\">\n\t\t\t\t<div class=\"elementor-element elementor-element-1aa82aa4 elementor-widget__width-inherit elementor-widget-divider--view-line elementor-invisible elementor-widget elementor-widget-divider\" data-id=\"1aa82aa4\" data-element_type=\"widget\" data-e-type=\"widget\" data-settings=\"{&quot;_animation&quot;:&quot;fadeInLeft&quot;}\" data-widget_type=\"divider.default\">\n\t\t\t\t<div class=\"elementor-widget-container\">\n\t\t\t\t\t\t\t<div class=\"elementor-divider\">\n\t\t\t<span class=\"elementor-divider-separator\">\n\t\t\t\t\t\t<\/span>\n\t\t<\/div>\n\t\t\t\t\t\t<\/div>\n\t\t\t\t<\/div>\n\t\t\t\t<\/div>\n\t\t\t\t<\/div>\n\t\t<div class=\"elementor-element elementor-element-9a93e1e e-flex e-con-boxed e-con e-parent\" data-id=\"9a93e1e\" data-element_type=\"container\" data-e-type=\"container\">\n\t\t\t\t\t<div class=\"e-con-inner\">\n\t\t<div class=\"elementor-element elementor-element-97d7ca4 e-con-full e-flex e-con e-child\" data-id=\"97d7ca4\" data-element_type=\"container\" data-e-type=\"container\">\n\t\t\t\t<div class=\"elementor-element elementor-element-e5b2d4d elementor-widget elementor-widget-image\" data-id=\"e5b2d4d\" data-element_type=\"widget\" data-e-type=\"widget\" data-widget_type=\"image.default\">\n\t\t\t\t<div class=\"elementor-widget-container\">\n\t\t\t\t\t\t\t\t\t\t\t\t\t\t\t<img fetchpriority=\"high\" decoding=\"async\" width=\"530\" height=\"366\" src=\"https:\/\/clubtalleresparana.com.ar\/inicio\/wp-content\/uploads\/2024\/01\/historia1.jpg?v=1705587588\" class=\"attachment-large size-large wp-image-2786\" alt=\"\" srcset=\"https:\/\/clubtalleresparana.com.ar\/inicio\/wp-content\/uploads\/2024\/01\/historia1.jpg?v=1705587588 530w, https:\/\/clubtalleresparana.com.ar\/inicio\/wp-content\/uploads\/2024\/01\/historia1-300x207.jpg?v=1705587588 300w\" sizes=\"(max-width: 530px) 100vw, 530px\" \/>\t\t\t\t\t\t\t\t\t\t\t\t\t\t\t<\/div>\n\t\t\t\t<\/div>\n\t\t\t\t<\/div>\n\t\t<div class=\"elementor-element elementor-element-28b4e30 e-con-full e-flex e-con e-child\" data-id=\"28b4e30\" data-element_type=\"container\" data-e-type=\"container\">\n\t\t\t\t<div class=\"elementor-element elementor-element-1d48205 elementor-widget__width-initial elementor-widget-tablet__width-inherit elementor-widget elementor-widget-text-editor\" data-id=\"1d48205\" data-element_type=\"widget\" data-e-type=\"widget\" data-widget_type=\"text-editor.default\">\n\t\t\t\t<div class=\"elementor-widget-container\">\n\t\t\t\t\t\t\t\t\t<p>El Club Atl\u00e9tico Talleres fue fundado el 15 de mayo de 1907. Tiene su sede en calle Hip\u00f3lito Irigoyen 593 de la ciudad de Paran\u00e1, Entre R\u00edos. En su momento, y mediante sus fundadores, se lo conoci\u00f3 como Talleres Uni\u00f3n Foot Ball Club, denominaci\u00f3n que al principio de la d\u00e9cada del \u00b430 cambi\u00f3 por la de Club Atl\u00e9tico Talleres.<\/p><p>\u00a0<\/p>\t\t\t\t\t\t\t\t<\/div>\n\t\t\t\t<\/div>\n\t\t\t\t<\/div>\n\t\t\t\t\t<\/div>\n\t\t\t\t<\/div>\n\t\t<div class=\"elementor-element elementor-element-9385368 e-flex e-con-boxed e-con e-parent\" data-id=\"9385368\" data-element_type=\"container\" data-e-type=\"container\">\n\t\t\t\t\t<div class=\"e-con-inner\">\n\t\t\t\t<div class=\"elementor-element elementor-element-8871889 elementor-widget__width-initial elementor-widget-tablet__width-inherit elementor-widget elementor-widget-text-editor\" data-id=\"8871889\" data-element_type=\"widget\" data-e-type=\"widget\" data-widget_type=\"text-editor.default\">\n\t\t\t\t<div class=\"elementor-widget-container\">\n\t\t\t\t\t\t\t\t\t<p class=\"p1\"><span class=\"s1\">Talleres naci\u00f3 por la voluntad de un grupo de 26 j\u00f3venes criollos e ingleses, que fueron los ide\u00f3logos que escribieron la primera p\u00e1gina dorada de un sue\u00f1o que hoy transita 108 a\u00f1os de vida.<\/span><\/p><p class=\"p1\"><span class=\"s1\">La primera reuni\u00f3n tuvo lugar en una casa situada en calle Monte Caseros al final, cerca de las v\u00edas. En 1940 lleg\u00f3 una demanda de desalojo de la empresa del ferrocarril de Entre R\u00edos y Talleres adquiri\u00f3 un local en calle Sebasti\u00e1n V\u00e1zquez y Libertad, donde se construyeron diversas instalaciones para la pr\u00e1ctica de algunos deportes y distintos juegos de sal\u00f3n.<\/span><\/p><p class=\"p1\"><span class=\"s1\">En 1944, Talleres dio el gran paso al adquirir el terreno ubicado en calle Feliciano e Irigoyen, lugar que hoy la instituci\u00f3n luce con orgullo como sede social. La escritura se firm\u00f3 el 31 de julio de ese mismo a\u00f1o. Meses despu\u00e9s se iniciaron los trabajos de refacci\u00f3n del nuevo local, se construy\u00f3 una cancha de b\u00e1squetbol, cancha de bochas, colocaci\u00f3n de pisos de mosaico, revoque de paredes, instalaciones el\u00e9ctricas, ba\u00f1os y otras comodidades.<\/span><\/p>\t\t\t\t\t\t\t\t<\/div>\n\t\t\t\t<\/div>\n\t\t\t\t\t<\/div>\n\t\t\t\t<\/div>\n\t\t<div class=\"elementor-element elementor-element-2de0a3b e-flex e-con-boxed e-con e-parent\" data-id=\"2de0a3b\" data-element_type=\"container\" data-e-type=\"container\">\n\t\t\t\t\t<div class=\"e-con-inner\">\n\t\t<div class=\"elementor-element elementor-element-51abc50 e-con-full e-flex e-con e-child\" data-id=\"51abc50\" data-element_type=\"container\" data-e-type=\"container\">\n\t\t\t\t<div class=\"elementor-element elementor-element-601a1fc elementor-widget elementor-widget-image\" data-id=\"601a1fc\" data-element_type=\"widget\" data-e-type=\"widget\" data-widget_type=\"image.default\">\n\t\t\t\t<div class=\"elementor-widget-container\">\n\t\t\t\t\t\t\t\t\t\t\t\t\t\t\t<img decoding=\"async\" width=\"680\" height=\"390\" src=\"https:\/\/clubtalleresparana.com.ar\/inicio\/wp-content\/uploads\/2024\/01\/historia2.jpg?v=1705587576\" class=\"attachment-large size-large wp-image-2787\" alt=\"\" srcset=\"https:\/\/clubtalleresparana.com.ar\/inicio\/wp-content\/uploads\/2024\/01\/historia2.jpg?v=1705587576 680w, https:\/\/clubtalleresparana.com.ar\/inicio\/wp-content\/uploads\/2024\/01\/historia2-300x172.jpg?v=1705587576 300w\" sizes=\"(max-width: 680px) 100vw, 680px\" \/>\t\t\t\t\t\t\t\t\t\t\t\t\t\t\t<\/div>\n\t\t\t\t<\/div>\n\t\t\t\t<\/div>\n\t\t<div class=\"elementor-element elementor-element-22be56b e-con-full e-flex e-con e-child\" data-id=\"22be56b\" data-element_type=\"container\" data-e-type=\"container\">\n\t\t\t\t<div class=\"elementor-element elementor-element-2350079 elementor-widget__width-initial elementor-widget-tablet__width-inherit elementor-widget elementor-widget-text-editor\" data-id=\"2350079\" data-element_type=\"widget\" data-e-type=\"widget\" data-widget_type=\"text-editor.default\">\n\t\t\t\t<div class=\"elementor-widget-container\">\n\t\t\t\t\t\t\t\t\t<p class=\"p1\"><span class=\"s1\">Llegado 1947, Talleres se hab\u00eda convertido en una instituci\u00f3n pujante en la ciudad, en vigoroso progreso, lo suficientemente para dar otro gran paso en su vida institucional: adquirir un campo deportivo ubicado en Calle N\u00ba 104 (hoy Toribio Ortiz).<\/span><\/p>\t\t\t\t\t\t\t\t<\/div>\n\t\t\t\t<\/div>\n\t\t\t\t<\/div>\n\t\t\t\t\t<\/div>\n\t\t\t\t<\/div>\n\t\t<div class=\"elementor-element elementor-element-2b02af4 e-flex e-con-boxed e-con e-parent\" data-id=\"2b02af4\" data-element_type=\"container\" data-e-type=\"container\">\n\t\t\t\t\t<div class=\"e-con-inner\">\n\t\t\t\t<div class=\"elementor-element elementor-element-eac8814 elementor-widget__width-initial elementor-widget-tablet__width-inherit elementor-widget elementor-widget-text-editor\" data-id=\"eac8814\" data-element_type=\"widget\" data-e-type=\"widget\" data-widget_type=\"text-editor.default\">\n\t\t\t\t<div class=\"elementor-widget-container\">\n\t\t\t\t\t\t\t\t\t<p class=\"p1\"><span class=\"s1\">La cancha de f\u00fatbol de Primera Divisi\u00f3n qued\u00f3 habilitada el 17 de junio de 1956 y en 1961 se construy\u00f3 la nueva cancha cubierta para la pr\u00e1ctica de bochas en la sede social.<\/span><\/p><p class=\"p1\"><span class=\"s1\">Transcurrieron muchos a\u00f1os con aciertos y fracasos en los que Talleres se encontr\u00f3 en un estancamiento en cuanto a sus obras. Por este motivo un grupo de j\u00f3venes talleristas, en 1982, comenzaron a trabajar en la integraci\u00f3n del ni\u00f1o y la familia en la instituci\u00f3n, siempre con la premisa de mejorar la infraestructura del club.<\/span><\/p><p class=\"p1\"><span class=\"s1\">Ante el poco apoyo brindado por la Comisi\u00f3n Directiva de ese momento, estos j\u00f3venes, decidieron encarar por cuenta propia un gran anteproyecto que encerraba la construcci\u00f3n de los natatorios, del gimnasio cubierto, modificaci\u00f3n de la fachada, oficinas para el funcionamiento de la Comisi\u00f3n Directiva y Subcomisiones, poner en condiciones el Campo de Deportes de calle Toribio Ortiz y muchos sue\u00f1os m\u00e1s, que hoy, varios de ellos son realidad y los socios los pueden disfrutar.<\/span><\/p><p class=\"p1\"><span class=\"s1\">Referirse a Talleres es bucear en las profundidades m\u00e1s ricas de la historia de Paran\u00e1, es recordar gloriosas \u00c9pocas, tiempos lejanos que hoy, con el repaso de su desarrollo, acent\u00faan el valor que tiene esta instituci\u00f3n.<\/span><\/p><p class=\"p1\"><span class=\"s1\">En el presente se ha apostado por proyectos m\u00e1s ambiciosos para el club, como la concreci\u00f3n de la cancha de sint\u00e9tico para el hockey sobre c\u00e9sped, la realizaci\u00f3n de un moderno gimnasio y varias mejoras de infraestructura como vestuarios y acceso a la sede social y al campo de deportes. Asimismo, se han reactivado el buffet del club, donde se ha logrado un lugar de esparcimiento para socios y no socios.<\/span><\/p><p class=\"p1\"><span class=\"s1\">Talleres cuenta con una importante masa societaria que hace uso de las instalaciones en la pr\u00e1ctica de deportes como b\u00e1squet, v\u00f3ley, hockey sobre patines, pat\u00edn art\u00edstico, hockey en l\u00ednea, softbol y hockey sobre c\u00e9sped. Las piletas son utilizadas por miles de personas en la temporada de verano y un quincho con todas las comodidades.<\/span><\/p><p class=\"p1\"><span class=\"s1\">Actualmente el club es modelo tanto en su funcionamiento como en infraestructura, marcando tendencia. Despu\u00e9s de una profunda crisis institucional y econ\u00f3mica el CAT ha nacido nuevamente no solo en funcionamiento sino en ideas y ganas de trabajar en la apusta hacia la contenci\u00f3n y el compromiso social.<\/span><\/p>\t\t\t\t\t\t\t\t<\/div>\n\t\t\t\t<\/div>\n\t\t\t\t\t<\/div>\n\t\t\t\t<\/div>\n\t\t\t\t<\/div>\n\t\t","protected":false},"excerpt":{"rendered":"<p>HISTORIA El Club Atl\u00e9tico Talleres fue fundado el 15 de mayo de 1907. Tiene su sede en calle Hip\u00f3lito Irigoyen [&hellip;]<\/p>\n","protected":false},"author":2,"featured_media":0,"parent":0,"menu_order":0,"comment_status":"closed","ping_status":"closed","template":"","meta":{"site-sidebar-layout":"no-sidebar","site-content-layout":"","ast-site-content-layout":"full-width-container","site-content-style":"default","site-sidebar-style":"default","ast-global-header-display":"","ast-banner-title-visibility":"","ast-main-header-display":"","ast-hfb-above-header-display":"","ast-hfb-below-header-display":"","ast-hfb-mobile-header-display":"","site-post-title":"disabled","ast-breadcrumbs-content":"","ast-featured-img":"disabled","footer-sml-layout":"","ast-disable-related-posts":"","theme-transparent-header-meta":"","adv-header-id-meta":"","stick-header-meta":"","header-above-stick-meta":"","header-main-stick-meta":"","header-below-stick-meta":"","astra-migrate-meta-layouts":"default","ast-page-background-enabled":"default","ast-page-background-meta":{"desktop":{"background-color":"var(--ast-global-color-4)","background-image":"","background-repeat":"repeat","background-position":"center center","background-size":"auto","background-attachment":"scroll","background-type":"","background-media":"","overlay-type":"","overlay-color":"","overlay-opacity":"","overlay-gradient":""},"tablet":{"background-color":"","background-image":"","background-repeat":"repeat","background-position":"center center","background-size":"auto","background-attachment":"scroll","background-type":"","background-media":"","overlay-type":"","overlay-color":"","overlay-opacity":"","overlay-gradient":""},"mobile":{"background-color":"","background-image":"","background-repeat":"repeat","background-position":"center center","background-size":"auto","background-attachment":"scroll","background-type":"","background-media":"","overlay-type":"","overlay-color":"","overlay-opacity":"","overlay-gradient":""}},"ast-content-background-meta":{"desktop":{"background-color":"var(--ast-global-color-5)","background-image":"","background-repeat":"repeat","background-position":"center center","background-size":"auto","background-attachment":"scroll","background-type":"","background-media":"","overlay-type":"","overlay-color":"","overlay-opacity":"","overlay-gradient":""},"tablet":{"background-color":"var(--ast-global-color-5)","background-image":"","background-repeat":"repeat","background-position":"center center","background-size":"auto","background-attachment":"scroll","background-type":"","background-media":"","overlay-type":"","overlay-color":"","overlay-opacity":"","overlay-gradient":""},"mobile":{"background-color":"var(--ast-global-color-5)","background-image":"","background-repeat":"repeat","background-position":"center center","background-size":"auto","background-attachment":"scroll","background-type":"","background-media":"","overlay-type":"","overlay-color":"","overlay-opacity":"","overlay-gradient":""}},"footnotes":""},"class_list":["post-2632","page","type-page","status-publish","hentry"],"jetpack_sharing_enabled":true,"_links":{"self":[{"href":"https:\/\/clubtalleresparana.com.ar\/inicio\/wp-json\/wp\/v2\/pages\/2632","targetHints":{"allow":["GET"]}}],"collection":[{"href":"https:\/\/clubtalleresparana.com.ar\/inicio\/wp-json\/wp\/v2\/pages"}],"about":[{"href":"https:\/\/clubtalleresparana.com.ar\/inicio\/wp-json\/wp\/v2\/types\/page"}],"author":[{"embeddable":true,"href":"https:\/\/clubtalleresparana.com.ar\/inicio\/wp-json\/wp\/v2\/users\/2"}],"replies":[{"embeddable":true,"href":"https:\/\/clubtalleresparana.com.ar\/inicio\/wp-json\/wp\/v2\/comments?post=2632"}],"version-history":[{"count":14,"href":"https:\/\/clubtalleresparana.com.ar\/inicio\/wp-json\/wp\/v2\/pages\/2632\/revisions"}],"predecessor-version":[{"id":2800,"href":"https:\/\/clubtalleresparana.com.ar\/inicio\/wp-json\/wp\/v2\/pages\/2632\/revisions\/2800"}],"wp:attachment":[{"href":"https:\/\/clubtalleresparana.com.ar\/inicio\/wp-json\/wp\/v2\/media?parent=2632"}],"curies":[{"name":"wp","href":"https:\/\/api.w.org\/{rel}","templated":true}]}}